{"id":942,"date":"2022-05-21T10:17:26","date_gmt":"2022-05-21T10:17:26","guid":{"rendered":"https:\/\/modinatheme.com\/dustrix\/?page_id=942"},"modified":"2024-05-02T15:05:49","modified_gmt":"2024-05-02T15:05:49","slug":"services","status":"publish","type":"page","link":"https:\/\/paintingrenovationllc.com\/es\/services\/","title":{"rendered":"Servicios"},"content":{"rendered":"<div data-elementor-type=\"wp-page\" data-elementor-id=\"942\" class=\"elementor elementor-942\" data-elementor-post-type=\"page\">\n\t\t\t\t\t\t<section class=\"elementor-section elementor-top-section elementor-element elementor-element-a4dde4d elementor-section-boxed elementor-section-height-default elementor-section-height-default\" data-id=\"a4dde4d\" data-element_type=\"section\" data-e-type=\"section\">\n\t\t\t\t\t\t<div class=\"elementor-container elementor-column-gap-no\">\n\t\t\t\t\t<div class=\"elementor-column elementor-col-100 elementor-top-column elementor-element elementor-element-62d1e17\" data-id=\"62d1e17\" data-element_type=\"column\" data-e-type=\"column\">\n\t\t\t<div class=\"elementor-widget-wrap elementor-element-populated\">\n\t\t\t\t\t\t<div class=\"elementor-element elementor-element-60730f6 elementor-widget elementor-widget-modina_section_title\" data-id=\"60730f6\" data-element_type=\"widget\" data-e-type=\"widget\" data-widget_type=\"modina_section_title.default\">\n\t\t\t\t<div class=\"elementor-widget-container\">\n\t\t\t\t\t        <div class=\"section-title text-center\">\r\n        <span>Portfolio<\/span>\r\n        <p><\/p>\r\n        <h2>Nuestros servicios<\/h2>\r\n    <\/div>\r\n    \r\n    \r\n        \t\t\t\t<\/div>\n\t\t\t\t<\/div>\n\t\t\t\t<section class=\"elementor-section elementor-inner-section elementor-element elementor-element-5c6ddb5 elementor-section-full_width elementor-section-height-default elementor-section-height-default\" data-id=\"5c6ddb5\" data-element_type=\"section\" data-e-type=\"section\">\n\t\t\t\t\t\t<div class=\"elementor-container elementor-column-gap-default\">\n\t\t\t\t\t<div class=\"elementor-column elementor-col-33 elementor-inner-column elementor-element elementor-element-258a93d\" data-id=\"258a93d\" data-element_type=\"column\" data-e-type=\"column\">\n\t\t\t<div class=\"elementor-widget-wrap elementor-element-populated\">\n\t\t\t\t\t\t<div class=\"elementor-element elementor-element-9fe6a41 elementor-widget elementor-widget-modina_card_item\" data-id=\"9fe6a41\" data-element_type=\"widget\" data-e-type=\"widget\" data-widget_type=\"modina_card_item.default\">\n\t\t\t\t<div class=\"elementor-widget-container\">\n\t\t\t\t\t\r\n        <div class=\"single-approach-card single-card-item\">\r\n                <div class=\"card-thumb bg-cover\" style=\"background-image: url('https:\/\/paintingrenovationllc.com\/wp-content\/uploads\/2024\/03\/933cfb90-c2b2-42e1-a08f-52bab7c6e1a9.jpeg')\"><\/div>\r\n                <div class=\"content\">\r\n                        <div class=\"case-cat\">\r\n                <a href=\"\">\r\n                    <i class=\"flaticon-sketch\"><\/i>\r\n                <\/a>\r\n            <\/div>\r\n                        <h3><a href=\"\">Pintura interior y exterior <\/a><\/h3>\r\n            <p>Pintar el interior y exterior de una casa da vida y aumenta el valor de la propiedad.\nSi a\u00fan no te has decidido a pintar completamente tu casa, consulta con nosotros para asesorarte y animarte a renovar tus espacios y empezar a sentir el cambio y la comodidad que has perdido.\nEn Painting Renovation Services LLC aplicamos pintura de cualquier tipo y sobre cualquier superficie, cada vez que realizamos un proyecto de pintura, nuestros t\u00e9cnicos siempre est\u00e1n cuidadosos de realizar todas las actividades previas requeridas para asegurar los acabados deseados por cada propietario.\nTambi\u00e9n protegemos sus pisos y muebles, y quitamos o protegemos las perillas de las puertas, las rejillas de ventilaci\u00f3n, los enchufes el\u00e9ctricos y las cubiertas de los interruptores, es decir, cubrimos cualquier cosa que pueda mancharse con pintura. Nos aseguramos de rellenar todos los agujeros y grietas que encontramos en paredes y techos, incluidas las jambas de puertas y marcos de ventanas.\nUtilizamos pintura de la m\u00e1s alta calidad para cada superficie. Le asesoramos en la elecci\u00f3n del color seg\u00fan las \u00faltimas tendencias del mercado, tambi\u00e9n aplicamos los tratamientos a realizar en las superficies previamente para asegurar la nitidez de colores y texturas. \n<\/p>\r\n            <a href=\"  \" class=\"read-btn\"> <i class=\"fal fa-long-arrow-right\"><\/i><\/a>\r\n        <\/div>\r\n    <\/div>\r\n        \t\t\t\t<\/div>\n\t\t\t\t<\/div>\n\t\t\t\t\t<\/div>\n\t\t<\/div>\n\t\t\t\t<div class=\"elementor-column elementor-col-33 elementor-inner-column elementor-element elementor-element-f9dee90\" data-id=\"f9dee90\" data-element_type=\"column\" data-e-type=\"column\">\n\t\t\t<div class=\"elementor-widget-wrap elementor-element-populated\">\n\t\t\t\t\t\t<div class=\"elementor-element elementor-element-0b9807f elementor-widget elementor-widget-modina_card_item\" data-id=\"0b9807f\" data-element_type=\"widget\" data-e-type=\"widget\" data-widget_type=\"modina_card_item.default\">\n\t\t\t\t<div class=\"elementor-widget-container\">\n\t\t\t\t\t\r\n        <div class=\"single-approach-card single-card-item\">\r\n                <div class=\"card-thumb bg-cover\" style=\"background-image: url('https:\/\/paintingrenovationllc.com\/wp-content\/uploads\/2024\/03\/6c250a79-e38d-441d-8d40-2d807dd19c2d.jpeg')\"><\/div>\r\n                <div class=\"content\">\r\n                        <div class=\"case-cat\">\r\n                <a href=\"\">\r\n                    <i class=\"flaticon-sketch\"><\/i>\r\n                <\/a>\r\n            <\/div>\r\n                        <h3><a href=\"\">Enmarcado <\/a><\/h3>\r\n            <p>Painting Renovation Services LLC es el contratista preferido de enmarcado y remodelaci\u00f3n en el condado de Rockland, Nueva York. Nos especializamos en la construcci\u00f3n dimensional tradicional de madera o estructuras de acero liviano. Damos servicio a proyectos residenciales y comerciales que incluyen construcciones nuevas, reparaciones, marcos, adiciones, terrazas, barandillas y eliminaci\u00f3n de marcos antiguos.\nH\u00e1ganos saber sobre su proyecto y estaremos encantados de darle un presupuesto gratuito.\n\n<\/p>\r\n            <a href=\"  \" class=\"read-btn\"> <i class=\"fal fa-long-arrow-right\"><\/i><\/a>\r\n        <\/div>\r\n    <\/div>\r\n        \t\t\t\t<\/div>\n\t\t\t\t<\/div>\n\t\t\t\t\t<\/div>\n\t\t<\/div>\n\t\t\t\t<div class=\"elementor-column elementor-col-33 elementor-inner-column elementor-element elementor-element-10bc16d\" data-id=\"10bc16d\" data-element_type=\"column\" data-e-type=\"column\">\n\t\t\t<div class=\"elementor-widget-wrap elementor-element-populated\">\n\t\t\t\t\t\t<div class=\"elementor-element elementor-element-e4bd1ef elementor-widget elementor-widget-modina_card_item\" data-id=\"e4bd1ef\" data-element_type=\"widget\" data-e-type=\"widget\" data-widget_type=\"modina_card_item.default\">\n\t\t\t\t<div class=\"elementor-widget-container\">\n\t\t\t\t\t\r\n        <div class=\"single-approach-card single-card-item\">\r\n                <div class=\"card-thumb bg-cover\" style=\"background-image: url('https:\/\/paintingrenovationllc.com\/wp-content\/uploads\/2024\/03\/006ac5a3-7adc-44a0-b7a8-15ab9792fc49.jpeg')\"><\/div>\r\n                <div class=\"content\">\r\n                        <div class=\"case-cat\">\r\n                <a href=\"\">\r\n                    <i class=\"flaticon-under-construction-1\"><\/i>\r\n                <\/a>\r\n            <\/div>\r\n                        <h3><a href=\"\">Drywal<\/a><\/h3>\r\n            <p>Painting Renovation Services LLC es un especialista en servicios de renovaci\u00f3n de paneles de yeso. Ofrecemos precios competitivos y un servicio de instalaci\u00f3n de Drywall con materiales de la m\u00e1s alta calidad, utilizando t\u00e9cnicas especializadas que garantizan una perfecta instalaci\u00f3n, evitando desniveles, grietas.\nTrabajamos con medidas precisas, nivelaci\u00f3n comprobada. Atendemos una gran variedad de proyectos con este tipo de material, desde residencial hasta comercial. Este tipo de construcci\u00f3n te permite ampliar una habitaci\u00f3n o construir una pared en poco tiempo, de forma f\u00e1cil y segura, para que puedas disfrutar de tu hogar.\nConozca m\u00e1s sobre este servicio y consulte nuestro portafolio.\n<\/p>\r\n            <a href=\"  \" class=\"read-btn\"> <i class=\"fal fa-long-arrow-right\"><\/i><\/a>\r\n        <\/div>\r\n    <\/div>\r\n        \t\t\t\t<\/div>\n\t\t\t\t<\/div>\n\t\t\t\t\t<\/div>\n\t\t<\/div>\n\t\t\t\t\t<\/div>\n\t\t<\/section>\n\t\t\t\t<section class=\"elementor-section elementor-inner-section elementor-element elementor-element-d52e950 elementor-section-full_width elementor-section-height-default elementor-section-height-default\" data-id=\"d52e950\" data-element_type=\"section\" data-e-type=\"section\">\n\t\t\t\t\t\t<div class=\"elementor-container elementor-column-gap-default\">\n\t\t\t\t\t<div class=\"elementor-column elementor-col-33 elementor-inner-column elementor-element elementor-element-128d0b3\" data-id=\"128d0b3\" data-element_type=\"column\" data-e-type=\"column\">\n\t\t\t<div class=\"elementor-widget-wrap elementor-element-populated\">\n\t\t\t\t\t\t<div class=\"elementor-element elementor-element-28d71cd elementor-widget elementor-widget-modina_card_item\" data-id=\"28d71cd\" data-element_type=\"widget\" data-e-type=\"widget\" data-widget_type=\"modina_card_item.default\">\n\t\t\t\t<div class=\"elementor-widget-container\">\n\t\t\t\t\t\r\n        <div class=\"single-approach-card single-card-item\">\r\n                <div class=\"card-thumb bg-cover\" style=\"background-image: url('https:\/\/paintingrenovationllc.com\/wp-content\/uploads\/2024\/03\/224839ba-9898-4d49-887d-8b66385e1ccc.jpeg')\"><\/div>\r\n                <div class=\"content\">\r\n                        <div class=\"case-cat\">\r\n                <a href=\"\">\r\n                    <i class=\"flaticon-construction-4\"><\/i>\r\n                <\/a>\r\n            <\/div>\r\n                        <h3><a href=\"\">Masilla <\/a><\/h3>\r\n            <p>Painting Renovation Services LLC sabe que los paneles de yeso da\u00f1ados hacen que cualquier hogar luzca en mal estado. A menudo, estos se pueden reparar con masilla.\nSin embargo, el calafateo debe ser realizado por expertos que garanticen un acabado n\u00edtido para evitar que se caiga y se da\u00f1e.\nSi desea un acabado n\u00edtido y duradero, no dude en comunicarse con el equipo de Painting Renovation Services LLC, estamos aqu\u00ed para atenderlo de manera r\u00e1pida y segura. Reparamos el problema desde la ra\u00edz, eliminaci\u00f3n de moho, instalaci\u00f3n de paneles, reparaciones varias y mucho m\u00e1s.\n<\/p>\r\n            <a href=\"  \" class=\"read-btn\"> <i class=\"fal fa-long-arrow-right\"><\/i><\/a>\r\n        <\/div>\r\n    <\/div>\r\n        \t\t\t\t<\/div>\n\t\t\t\t<\/div>\n\t\t\t\t\t<\/div>\n\t\t<\/div>\n\t\t\t\t<div class=\"elementor-column elementor-col-33 elementor-inner-column elementor-element elementor-element-5d20274\" data-id=\"5d20274\" data-element_type=\"column\" data-e-type=\"column\">\n\t\t\t<div class=\"elementor-widget-wrap elementor-element-populated\">\n\t\t\t\t\t\t<div class=\"elementor-element elementor-element-145b94d elementor-widget elementor-widget-modina_card_item\" data-id=\"145b94d\" data-element_type=\"widget\" data-e-type=\"widget\" data-widget_type=\"modina_card_item.default\">\n\t\t\t\t<div class=\"elementor-widget-container\">\n\t\t\t\t\t\r\n        <div class=\"single-approach-card single-card-item\">\r\n                <div class=\"card-thumb bg-cover\" style=\"background-image: url('https:\/\/paintingrenovationllc.com\/wp-content\/uploads\/2024\/05\/tiles.jpg')\"><\/div>\r\n                <div class=\"content\">\r\n                        <div class=\"case-cat\">\r\n                <a href=\"\">\r\n                    <i class=\"flaticon-gas-station\"><\/i>\r\n                <\/a>\r\n            <\/div>\r\n                        <h3><a href=\"\">Losas <\/a><\/h3>\r\n            <p>El suelo es un elemento importante del interior de tu hogar, y si decides reformarlo necesitas saber elegir el estilo adecuado seg\u00fan su uso y espacio, as\u00ed como qui\u00e9n lo instalar\u00e1 para que dure. durante muchos a\u00f1os luciendo hermosa y f\u00e1cil de limpiar.\nSi desea renovar el piso de su hogar, Painting Renovation Services LLC est\u00e1 aqu\u00ed para ayudarlo. Nuestros expertos instaladores acudir\u00e1n a tu domicilio y preparar\u00e1n previamente la zona de trabajo para garantizar que tus piezas de azulejo queden correctamente niveladas, cortadas y lo m\u00e1s importante, que queden a tu gusto.\nGarantizamos la calidad de nuestro servicio con un asesoramiento personalizado y adaptado a sus gustos, prop\u00f3sitos y presupuesto.\n<\/p>\r\n            <a href=\"  \" class=\"read-btn\"> <i class=\"fal fa-long-arrow-right\"><\/i><\/a>\r\n        <\/div>\r\n    <\/div>\r\n        \t\t\t\t<\/div>\n\t\t\t\t<\/div>\n\t\t\t\t\t<\/div>\n\t\t<\/div>\n\t\t\t\t<div class=\"elementor-column elementor-col-33 elementor-inner-column elementor-element elementor-element-2ddd1f0\" data-id=\"2ddd1f0\" data-element_type=\"column\" data-e-type=\"column\">\n\t\t\t<div class=\"elementor-widget-wrap elementor-element-populated\">\n\t\t\t\t\t\t<div class=\"elementor-element elementor-element-84e8a0b elementor-widget elementor-widget-modina_card_item\" data-id=\"84e8a0b\" data-element_type=\"widget\" data-e-type=\"widget\" data-widget_type=\"modina_card_item.default\">\n\t\t\t\t<div class=\"elementor-widget-container\">\n\t\t\t\t\t\r\n        <div class=\"single-approach-card single-card-item\">\r\n                <div class=\"card-thumb bg-cover\" style=\"background-image: url('https:\/\/paintingrenovationllc.com\/wp-content\/uploads\/2024\/03\/933cfb90-c2b2-42e1-a08f-52bab7c6e1a9.jpeg')\"><\/div>\r\n                <div class=\"content\">\r\n                        <div class=\"case-cat\">\r\n                <a href=\"\">\r\n                    <i class=\"flaticon-electricity\"><\/i>\r\n                <\/a>\r\n            <\/div>\r\n                        <h3><a href=\"\">Lavado a presi\u00f3n <\/a><\/h3>\r\n            <p>Painting Renovation Services LLC te ofrece el servicio de lavado a presi\u00f3n, tratando tus superficies con el cuidado que merecen.\nLavar a presi\u00f3n el exterior de tu hogar es una de las formas m\u00e1s efectivas de mejorar el aspecto de tu hogar sin incurrir en grandes gastos, este tipo de actividad es muy utilizada cuando la suciedad es penetrante y no se elimina f\u00e1cilmente con un lavado regular.\nYa sea que tenga madera, concreto, ladrillo, vinilo, aluminio o piedra, el lavado a presi\u00f3n que ofrece Painting Renovation Services LLC restaurar\u00e1 la apariencia de su superficie.\nMuchos propietarios ahorran mucho dinero s\u00f3lo con este servicio, d\u00e9janos ayudarte y no te arrepentir\u00e1s.\n<\/p>\r\n            <a href=\"  \" class=\"read-btn\"> <i class=\"fal fa-long-arrow-right\"><\/i><\/a>\r\n        <\/div>\r\n    <\/div>\r\n        \t\t\t\t<\/div>\n\t\t\t\t<\/div>\n\t\t\t\t\t<\/div>\n\t\t<\/div>\n\t\t\t\t\t<\/div>\n\t\t<\/section>\n\t\t\t\t<section class=\"elementor-section elementor-inner-section elementor-element elementor-element-8aea9e6 elementor-section-full_width elementor-section-height-default elementor-section-height-default\" data-id=\"8aea9e6\" data-element_type=\"section\" data-e-type=\"section\">\n\t\t\t\t\t\t<div class=\"elementor-container elementor-column-gap-default\">\n\t\t\t\t\t<div class=\"elementor-column elementor-col-100 elementor-inner-column elementor-element elementor-element-62d5796\" data-id=\"62d5796\" data-element_type=\"column\" data-e-type=\"column\">\n\t\t\t<div class=\"elementor-widget-wrap elementor-element-populated\">\n\t\t\t\t\t\t<div class=\"elementor-element elementor-element-a7d225c elementor-widget elementor-widget-modina_card_item\" data-id=\"a7d225c\" data-element_type=\"widget\" data-e-type=\"widget\" data-widget_type=\"modina_card_item.default\">\n\t\t\t\t<div class=\"elementor-widget-container\">\n\t\t\t\t\t\r\n        <div class=\"single-approach-card single-card-item\">\r\n                <div class=\"card-thumb bg-cover\" style=\"background-image: url('https:\/\/paintingrenovationllc.com\/wp-content\/uploads\/2024\/03\/933cfb90-c2b2-42e1-a08f-52bab7c6e1a9.jpeg')\"><\/div>\r\n                <div class=\"content\">\r\n                        <div class=\"case-cat\">\r\n                <a href=\"\">\r\n                    <i class=\"flaticon-electricity\"><\/i>\r\n                <\/a>\r\n            <\/div>\r\n                        <h3><a href=\"\">Aislamiento<\/a><\/h3>\r\n            <p>El aislamiento juega un papel clave en el interior de cada hogar y afecta el uso de servicios p\u00fablicos y las facturas.\nPor ejemplo, se entiende que una vivienda que no dispone de aislamiento t\u00e9rmico tiene que gastar m\u00e1s energ\u00eda el\u00e9ctrica para acondicionar y regular las temperaturas interiores.\nEs por eso que Painting Renovation Services LLC lo ayudar\u00e1 a cambiar esta condici\u00f3n t\u00e9rmica con diferentes opciones de aislamiento que se adaptar\u00e1n al sitio de acuerdo a sus necesidades, espacio y presupuesto.\nTrabajamos en instalaciones nuevas y antiguas, realizamos el servicio de retirada de aislamientos antiguos. Conozca los diferentes tipos de aislamiento que nuestros expertos pueden ayudarle a tener en su edificio.\nPregunte sobre: \u200b\u200baislamiento en aerosol, aislamiento de fibra de vidrio soplado, aislamiento de fibra de vidrio en bloques y rollos, y m\u00e1s.\n<\/p>\r\n            <a href=\"  \" class=\"read-btn\"> <i class=\"fal fa-long-arrow-right\"><\/i><\/a>\r\n        <\/div>\r\n    <\/div>\r\n        \t\t\t\t<\/div>\n\t\t\t\t<\/div>\n\t\t\t\t\t<\/div>\n\t\t<\/div>\n\t\t\t\t\t<\/div>\n\t\t<\/section>\n\t\t\t\t\t<\/div>\n\t\t<\/div>\n\t\t\t\t\t<\/div>\n\t\t<\/section>\n\t\t<div class=\"elementor-element elementor-element-6f13f96 e-flex e-con-boxed e-con e-parent\" data-id=\"6f13f96\" data-element_type=\"container\" data-e-type=\"container\">\n\t\t\t\t\t<div class=\"e-con-inner\">\n\t\t\t\t\t<\/div>\n\t\t\t\t<\/div>\n\t\t\t\t<\/div>","protected":false},"excerpt":{"rendered":"<p>Portfolio Our Services Interior and exterior painting Painting the interior and exterior of a house gives life and increases the value of the property. If you have not yet decided to completely paint your house, consult with us to advise and encourage you to renew your spaces so you can start feeling the change and [&hellip;]<\/p>\n","protected":false},"author":1,"featured_media":0,"parent":0,"menu_order":0,"comment_status":"closed","ping_status":"closed","template":"elementor_header_footer","meta":{"footnotes":""},"class_list":["post-942","page","type-page","status-publish","hentry"],"acf":[],"_links":{"self":[{"href":"https:\/\/paintingrenovationllc.com\/es\/wp-json\/wp\/v2\/pages\/942","targetHints":{"allow":["GET"]}}],"collection":[{"href":"https:\/\/paintingrenovationllc.com\/es\/wp-json\/wp\/v2\/pages"}],"about":[{"href":"https:\/\/paintingrenovationllc.com\/es\/wp-json\/wp\/v2\/types\/page"}],"author":[{"embeddable":true,"href":"https:\/\/paintingrenovationllc.com\/es\/wp-json\/wp\/v2\/users\/1"}],"replies":[{"embeddable":true,"href":"https:\/\/paintingrenovationllc.com\/es\/wp-json\/wp\/v2\/comments?post=942"}],"version-history":[{"count":40,"href":"https:\/\/paintingrenovationllc.com\/es\/wp-json\/wp\/v2\/pages\/942\/revisions"}],"predecessor-version":[{"id":2685,"href":"https:\/\/paintingrenovationllc.com\/es\/wp-json\/wp\/v2\/pages\/942\/revisions\/2685"}],"wp:attachment":[{"href":"https:\/\/paintingrenovationllc.com\/es\/wp-json\/wp\/v2\/media?parent=942"}],"curies":[{"name":"wp","href":"https:\/\/api.w.org\/{rel}","templated":true}]}}